{"id":36,"date":"2026-02-09T11:09:16","date_gmt":"2026-02-09T11:09:16","guid":{"rendered":"https:\/\/mf-cosmetics.eu\/impressum\/"},"modified":"2026-02-13T10:46:53","modified_gmt":"2026-02-13T10:46:53","slug":"impressum","status":"publish","type":"page","link":"https:\/\/mf-cosmetics.eu\/de_de\/impressum\/","title":{"rendered":"Impressum"},"content":{"rendered":"\n<div class=\"wp-block-group alignfull is-style-ext-preset--group--natural-1--section has-background-background-color has-background has-global-padding is-layout-constrained wp-container-core-group-is-layout-6150fac0 wp-block-group-is-layout-constrained\" style=\"margin-top:0;margin-bottom:0;padding-top:var(--wp--preset--spacing--70);padding-bottom:var(--wp--preset--spacing--70)\">\n<h2 class=\"wp-block-heading\">IMPRESSUM<\/h2>\n\n\n\n<p><strong>EU-Streitschlichtung <br><\/strong><a href=\"https:\/\/ec.europa.eu\/consumers\/odr\/\n\">https:\/\/ec.europa.eu\/consumers\/odr\/<br><\/a><br>Wir sind nicht bereit oder verpflichtet, an Streitbeilegungsverfahren vor einer Verbraucherschlichtungsstelle teilzunehmen. Die Vorlage wurde mit gr\u00f6\u00dfter Sorgfalt und unter Ber\u00fccksichtigung aktueller rechtlicher Anforderungen erstellt. Dennoch k\u00f6nnen wir keine Garantie oder Gew\u00e4hrleistung f\u00fcr die Vollst\u00e4ndigkeit, Richtigkeit und Rechtssicherheit der enthaltenen Informationen \u00fcbernehmen. Es obliegt daher der Verantwortung des Nutzers, die Vorlage eigenst\u00e4ndig sorgf\u00e4ltig an die jeweils geltenden gesetzlichen Bestimmungen anzupassen, regelm\u00e4\u00dfig auf ihre Aktualit\u00e4t zu \u00fcberpr\u00fcfen und gegebenenfalls notwendige \u00c4nderungen vorzunehmen. Eine Haftung f\u00fcr direkte oder indirekte Sch\u00e4den, die durch die Nutzung oder das Vertrauen auf diese Vorlage entstehen, ist ausdr\u00fccklich ausgeschlossen.<\/p>\n\n\n\n<hr class=\"wp-block-separator has-alpha-channel-opacity is-style-wide\"\/>\n\n\n\n<p><strong>Website-Betreiber:<br><\/strong>Angaben gem\u00e4\u00df <em>\u00a7 5 TMG<\/em><strong> <\/strong>\/ <em>\u00a7 5 <\/em>DDG <\/p>\n\n\n\n<p class=\"has-text-align-left\"><strong>\u00a7 5 TMG wurde durch \u00a7 5 DDG (Digitale-Dienste-Gesetz) ersetzt.<\/strong><\/p>\n\n\n\n<hr class=\"wp-block-separator has-alpha-channel-opacity\"\/>\n\n\n\n<p><strong>MF Cosmetics <br><\/strong><em>Inhaberin: <\/em><\/p>\n\n\n\n<p><strong>Maryna Falikovska <br><\/strong>Burgstra\u00dfe 9 <br>14548 Schwielowsee <br>Deutschland<\/p>\n\n\n\n<hr class=\"wp-block-separator has-alpha-channel-opacity\"\/>\n\n\n\n<p><strong>Kontaktinformationen:<\/strong><\/p>\n\n\n\n<p><a href=\"https:\/\/api.whatsapp.com\/send\/?phone=48880928908&amp;text=Hallo+ich+m%C3%B6chte+einen+Termin+bei+MF+Cosmetics+vereinbaren.&amp;type=phone_number&amp;app_absent=0\" target=\"_blank\" rel=\"noreferrer noopener\">WhatsApp: +48 880 928 908<\/a><br><a href=\"tel:491746330574\" target=\"_blank\" rel=\"noreferrer noopener\">Telefon: +49 174 633 05 74<\/a><\/p>\n\n\n\n<p>E-Mail: <a href=\"mailto:info@mf-cosmetics.eu\">info@mf-cosmetics.eu<\/a><br>Website: <a href=\"http:\/\/mf-cosmetics.eu\" data-type=\"link\" data-id=\"mf-cosmetics.eu\">mf-cosmetics.eu<\/a><\/p>\n\n\n\n<hr class=\"wp-block-separator has-alpha-channel-opacity is-style-wide\"\/>\n\n\n\n<p><strong>Vertretungsberechtigte Person:<br><\/strong>Verantwortlich f\u00fcr den Inhalt nach \u00a7 18 Abs. 2 MStV <br>Maryna Falikovska <br>Burgstra\u00dfe 9 <br>14548 Schwielowsee<\/p>\n\n\n\n<hr class=\"wp-block-separator aligncenter has-alpha-channel-opacity is-style-dots\"\/>\n\n\n\n<p><strong>Unternehmensregistrierung<\/strong>:<br>Steuernummer gem\u00e4\u00df \u00a7 27a UStG: 048\/218\/07382<br>Finanzamt Brandenburg<\/p>\n\n\n\n<p><strong>Letzte Aktualisierung:<br><\/strong>11.02.2026<\/p>\n<\/div>\n","protected":false},"excerpt":{"rendered":"<p>IMPRESSUM EU-Streitschlichtung https:\/\/ec.europa.eu\/consumers\/odr\/Wir sind nicht bereit oder verpflichtet, an Streitbeilegungsverfahren vor einer Verbraucherschlichtungsstelle teilzunehmen. Die Vorlage wurde mit gr\u00f6\u00dfter Sorgfalt und unter Ber\u00fccksichtigung aktueller rechtlicher Anforderungen erstellt. Dennoch k\u00f6nnen wir keine Garantie oder Gew\u00e4hrleistung f\u00fcr die Vollst\u00e4ndigkeit, Richtigkeit und Rechtssicherheit der enthaltenen Informationen \u00fcbernehmen. Es obliegt daher der Verantwortung des Nutzers, die Vorlage eigenst\u00e4ndig sorgf\u00e4ltig [&hellip;]<\/p>\n","protected":false},"author":1,"featured_media":0,"parent":0,"menu_order":0,"comment_status":"closed","ping_status":"closed","template":"page-with-title","meta":{"footnotes":""},"class_list":["post-36","page","type-page","status-publish","hentry"],"_links":{"self":[{"href":"https:\/\/mf-cosmetics.eu\/de_de\/wp-json\/wp\/v2\/pages\/36","targetHints":{"allow":["GET"]}}],"collection":[{"href":"https:\/\/mf-cosmetics.eu\/de_de\/wp-json\/wp\/v2\/pages"}],"about":[{"href":"https:\/\/mf-cosmetics.eu\/de_de\/wp-json\/wp\/v2\/types\/page"}],"author":[{"embeddable":true,"href":"https:\/\/mf-cosmetics.eu\/de_de\/wp-json\/wp\/v2\/users\/1"}],"replies":[{"embeddable":true,"href":"https:\/\/mf-cosmetics.eu\/de_de\/wp-json\/wp\/v2\/comments?post=36"}],"version-history":[{"count":95,"href":"https:\/\/mf-cosmetics.eu\/de_de\/wp-json\/wp\/v2\/pages\/36\/revisions"}],"predecessor-version":[{"id":1297,"href":"https:\/\/mf-cosmetics.eu\/de_de\/wp-json\/wp\/v2\/pages\/36\/revisions\/1297"}],"wp:attachment":[{"href":"https:\/\/mf-cosmetics.eu\/de_de\/wp-json\/wp\/v2\/media?parent=36"}],"curies":[{"name":"wp","href":"https:\/\/api.w.org\/{rel}","templated":true}]}}